{"id":558,"date":"2026-01-16T15:19:46","date_gmt":"2026-01-16T14:19:46","guid":{"rendered":"https:\/\/zrfv-lembeck.de\/?page_id=558"},"modified":"2026-01-23T21:32:23","modified_gmt":"2026-01-23T20:32:23","slug":"vorstand","status":"publish","type":"page","link":"https:\/\/zrfv-lembeck.de\/?page_id=558","title":{"rendered":"Vorstand"},"content":{"rendered":"\t\t<div data-elementor-type=\"wp-page\" data-elementor-id=\"558\" class=\"elementor elementor-558\">\n\t\t\t\t<div class=\"elementor-element elementor-element-44d2434 e-flex e-con-boxed e-con e-parent\" data-id=\"44d2434\" data-element_type=\"container\" data-e-type=\"container\">\n\t\t\t\t\t<div class=\"e-con-inner\">\n\t\t\t\t<div class=\"elementor-element elementor-element-e9ea4a5 elementor-widget elementor-widget-heading\" data-id=\"e9ea4a5\" data-element_type=\"widget\" data-e-type=\"widget\" data-widget_type=\"heading.default\">\n\t\t\t\t\t<h2 class=\"elementor-heading-title elementor-size-default\">Unser Vereinsvorstand<br><\/h2>\t\t\t\t<\/div>\n\t\t\t\t\t<\/div>\n\t\t\t\t<\/div>\n\t\t<div class=\"elementor-element elementor-element-5cfde3c e-con-full e-flex e-con e-child\" data-id=\"5cfde3c\" data-element_type=\"container\" data-e-type=\"container\">\n\t\t<div class=\"elementor-element elementor-element-9af4a65 e-con-full e-flex e-con e-child\" data-id=\"9af4a65\" data-element_type=\"container\" data-e-type=\"container\">\n\t\t<div class=\"elementor-element elementor-element-a78ae15 e-grid e-con-full e-con e-child\" data-id=\"a78ae15\" data-element_type=\"container\" data-e-type=\"container\">\n\t\t\t\t<div class=\"elementor-element elementor-element-4fccb9d elementor-widget elementor-widget-image\" data-id=\"4fccb9d\" data-element_type=\"widget\" data-e-type=\"widget\" data-widget_type=\"image.default\">\n\t\t\t\t\t\t\t\t\t\t\t\t\t\t\t<img fetchpriority=\"high\" decoding=\"async\" width=\"260\" height=\"260\" src=\"https:\/\/zrfv-lembeck.de\/wp-content\/uploads\/2026\/01\/Eingefuegtes-Bild-4.png\" class=\"attachment-medium size-medium wp-image-579\" alt=\"\" srcset=\"https:\/\/zrfv-lembeck.de\/wp-content\/uploads\/2026\/01\/Eingefuegtes-Bild-4.png 260w, https:\/\/zrfv-lembeck.de\/wp-content\/uploads\/2026\/01\/Eingefuegtes-Bild-4-150x150.png 150w\" sizes=\"(max-width: 260px) 100vw, 260px\" \/>\t\t\t\t\t\t\t\t\t\t\t\t\t\t\t<\/div>\n\t\t\t\t<div class=\"elementor-element elementor-element-befcd8a elementor-widget__width-initial elementor-widget elementor-widget-text-editor\" data-id=\"befcd8a\" data-element_type=\"widget\" data-e-type=\"widget\" data-widget_type=\"text-editor.default\">\n\t\t\t\t\t\t\t\t\t<h4>Vorsitzender<\/h4><h4>Bernd Cosanne<\/h4><h4>01728062079<\/h4>\t\t\t\t\t\t\t\t<\/div>\n\t\t\t\t<\/div>\n\t\t\t\t<\/div>\n\t\t<div class=\"elementor-element elementor-element-23dcb95 e-con-full e-flex e-con e-child\" data-id=\"23dcb95\" data-element_type=\"container\" data-e-type=\"container\">\n\t\t<div class=\"elementor-element elementor-element-8780acc e-grid e-con-full e-con e-child\" data-id=\"8780acc\" data-element_type=\"container\" data-e-type=\"container\">\n\t\t\t\t<div class=\"elementor-element elementor-element-ab11d5c elementor-widget elementor-widget-image\" data-id=\"ab11d5c\" data-element_type=\"widget\" data-e-type=\"widget\" data-widget_type=\"image.default\">\n\t\t\t\t\t\t\t\t\t\t\t\t\t\t\t<img decoding=\"async\" width=\"260\" height=\"260\" src=\"https:\/\/zrfv-lembeck.de\/wp-content\/uploads\/2026\/01\/Eingefuegtes-Bild-3.png\" class=\"attachment-medium size-medium wp-image-578\" alt=\"\" srcset=\"https:\/\/zrfv-lembeck.de\/wp-content\/uploads\/2026\/01\/Eingefuegtes-Bild-3.png 260w, https:\/\/zrfv-lembeck.de\/wp-content\/uploads\/2026\/01\/Eingefuegtes-Bild-3-150x150.png 150w\" sizes=\"(max-width: 260px) 100vw, 260px\" \/>\t\t\t\t\t\t\t\t\t\t\t\t\t\t\t<\/div>\n\t\t\t\t<div class=\"elementor-element elementor-element-df2d4ff elementor-widget elementor-widget-text-editor\" data-id=\"df2d4ff\" data-element_type=\"widget\" data-e-type=\"widget\" data-widget_type=\"text-editor.default\">\n\t\t\t\t\t\t\t\t\t<h4>2. Vorsitzender<\/h4><h4>Daniel B\u00fcgers<\/h4>\t\t\t\t\t\t\t\t<\/div>\n\t\t\t\t<\/div>\n\t\t\t\t<\/div>\n\t\t<div class=\"elementor-element elementor-element-9ce61eb e-con-full e-flex e-con e-child\" data-id=\"9ce61eb\" data-element_type=\"container\" data-e-type=\"container\">\n\t\t<div class=\"elementor-element elementor-element-c5221c3 e-grid e-con-full e-con e-child\" data-id=\"c5221c3\" data-element_type=\"container\" data-e-type=\"container\">\n\t\t\t\t<div class=\"elementor-element elementor-element-5163aa4 elementor-widget elementor-widget-image\" data-id=\"5163aa4\" data-element_type=\"widget\" data-e-type=\"widget\" data-widget_type=\"image.default\">\n\t\t\t\t\t\t\t\t\t\t\t\t\t\t\t<img decoding=\"async\" width=\"273\" height=\"273\" src=\"https:\/\/zrfv-lembeck.de\/wp-content\/uploads\/2026\/01\/Eingefugtes-Bild-2.png\" class=\"attachment-medium size-medium wp-image-587\" alt=\"\" srcset=\"https:\/\/zrfv-lembeck.de\/wp-content\/uploads\/2026\/01\/Eingefugtes-Bild-2.png 273w, https:\/\/zrfv-lembeck.de\/wp-content\/uploads\/2026\/01\/Eingefugtes-Bild-2-150x150.png 150w\" sizes=\"(max-width: 273px) 100vw, 273px\" \/>\t\t\t\t\t\t\t\t\t\t\t\t\t\t\t<\/div>\n\t\t\t\t<div class=\"elementor-element elementor-element-01fe421 elementor-widget elementor-widget-text-editor\" data-id=\"01fe421\" data-element_type=\"widget\" data-e-type=\"widget\" data-widget_type=\"text-editor.default\">\n\t\t\t\t\t\t\t\t\t<h5>1. Gesch\u00e4ftsf\u00fchrerin<\/h5><h5>Edda Van Haarst<\/h5><h5>01622182158<\/h5><h5>2. Gesch\u00e4ftsf\u00fchrerin<\/h5><h5>Tanja Kornau<\/h5><h5>015234665876<\/h5>\t\t\t\t\t\t\t\t<\/div>\n\t\t\t\t<\/div>\n\t\t\t\t<\/div>\n\t\t<div class=\"elementor-element elementor-element-4db83c8 e-con-full e-flex e-con e-child\" data-id=\"4db83c8\" data-element_type=\"container\" data-e-type=\"container\">\n\t\t<div class=\"elementor-element elementor-element-0194a12 e-grid e-con-full e-con e-child\" data-id=\"0194a12\" data-element_type=\"container\" data-e-type=\"container\">\n\t\t\t\t<div class=\"elementor-element elementor-element-eb5bbce elementor-widget elementor-widget-image\" data-id=\"eb5bbce\" data-element_type=\"widget\" data-e-type=\"widget\" data-widget_type=\"image.default\">\n\t\t\t\t\t\t\t\t\t\t\t\t\t\t\t<img loading=\"lazy\" decoding=\"async\" width=\"260\" height=\"260\" src=\"https:\/\/zrfv-lembeck.de\/wp-content\/uploads\/2026\/01\/Eingefuegtes-Bild.png\" class=\"attachment-medium size-medium wp-image-576\" alt=\"\" srcset=\"https:\/\/zrfv-lembeck.de\/wp-content\/uploads\/2026\/01\/Eingefuegtes-Bild.png 260w, https:\/\/zrfv-lembeck.de\/wp-content\/uploads\/2026\/01\/Eingefuegtes-Bild-150x150.png 150w\" sizes=\"(max-width: 260px) 100vw, 260px\" \/>\t\t\t\t\t\t\t\t\t\t\t\t\t\t\t<\/div>\n\t\t\t\t<div class=\"elementor-element elementor-element-c844e28 elementor-widget elementor-widget-text-editor\" data-id=\"c844e28\" data-element_type=\"widget\" data-e-type=\"widget\" data-widget_type=\"text-editor.default\">\n\t\t\t\t\t\t\t\t\t<h5>Kassenwart und Socialmedia<\/h5><h5>Sandra Keller<\/h5><h5>01737216650<\/h5><h5>sandra.keller13@web.de<\/h5>\t\t\t\t\t\t\t\t<\/div>\n\t\t\t\t<\/div>\n\t\t\t\t<\/div>\n\t\t<div class=\"elementor-element elementor-element-0ca18c1 e-con-full e-flex e-con e-child\" data-id=\"0ca18c1\" data-element_type=\"container\" data-e-type=\"container\">\n\t\t<div class=\"elementor-element elementor-element-044a86a e-grid e-con-full e-con e-child\" data-id=\"044a86a\" data-element_type=\"container\" data-e-type=\"container\">\n\t\t\t\t<div class=\"elementor-element elementor-element-15dfa4b elementor-widget elementor-widget-image\" data-id=\"15dfa4b\" data-element_type=\"widget\" data-e-type=\"widget\" data-widget_type=\"image.default\">\n\t\t\t\t\t\t\t\t\t\t\t\t\t\t\t<img loading=\"lazy\" decoding=\"async\" width=\"260\" height=\"280\" src=\"https:\/\/zrfv-lembeck.de\/wp-content\/uploads\/2026\/01\/Eingefuegtes-Bild-5.png\" class=\"attachment-large size-large wp-image-580\" alt=\"\" \/>\t\t\t\t\t\t\t\t\t\t\t\t\t\t\t<\/div>\n\t\t\t\t<div class=\"elementor-element elementor-element-08d7c00 elementor-widget elementor-widget-text-editor\" data-id=\"08d7c00\" data-element_type=\"widget\" data-e-type=\"widget\" data-widget_type=\"text-editor.default\">\n\t\t\t\t\t\t\t\t\t<div id=\"comp-lmdgdkp6\" class=\"AHplzk comp-lmdgdkp6\"><h4 class=\"UJQjeD wixui-box\" data-testid=\"container-bg\"><span class=\"wixui-rich-text__text\">1. Jugendwart<\/span><\/h4><div class=\"\" data-mesh-id=\"comp-lmdgdkp6inlineContent\" data-testid=\"inline-content\"><div data-mesh-id=\"comp-lmdgdkp6inlineContent-gridContainer\" data-testid=\"mesh-container-content\"><div id=\"comp-lmdgdkxq\" class=\"s0rHfl\"><div id=\"text-content-comp-lmdgdkxq\" class=\"Z_l5lU ku3DBC zQ9jDz comp-lmdgdkxq wixui-rich-text\" data-testid=\"richTextElement\"><h4 class=\"font_2 wixui-rich-text__text\"><span class=\"wixui-rich-text__text\">\u200b<\/span><span class=\"wixui-rich-text__text\">Sophie Heitmann<\/span><\/h4><h4 class=\"font_2 wixui-rich-text__text\"><span class=\"wixui-rich-text__text\">0152 28822693<\/span><\/h4><\/div><\/div><\/div><\/div><\/div>\t\t\t\t\t\t\t\t<\/div>\n\t\t\t\t<\/div>\n\t\t\t\t<\/div>\n\t\t<div class=\"elementor-element elementor-element-9308726 e-con-full e-flex e-con e-child\" data-id=\"9308726\" data-element_type=\"container\" data-e-type=\"container\">\n\t\t<div class=\"elementor-element elementor-element-f14cca4 e-grid e-con-full e-con e-child\" data-id=\"f14cca4\" data-element_type=\"container\" data-e-type=\"container\">\n\t\t\t\t<div class=\"elementor-element elementor-element-368ea90 elementor-widget elementor-widget-image\" data-id=\"368ea90\" data-element_type=\"widget\" data-e-type=\"widget\" data-widget_type=\"image.default\">\n\t\t\t\t\t\t\t\t\t\t\t\t\t\t\t<img loading=\"lazy\" decoding=\"async\" width=\"260\" height=\"260\" src=\"https:\/\/zrfv-lembeck.de\/wp-content\/uploads\/2026\/01\/Eingefuegtes-Bild-7.png\" class=\"attachment-large size-large wp-image-582\" alt=\"\" srcset=\"https:\/\/zrfv-lembeck.de\/wp-content\/uploads\/2026\/01\/Eingefuegtes-Bild-7.png 260w, https:\/\/zrfv-lembeck.de\/wp-content\/uploads\/2026\/01\/Eingefuegtes-Bild-7-150x150.png 150w\" sizes=\"(max-width: 260px) 100vw, 260px\" \/>\t\t\t\t\t\t\t\t\t\t\t\t\t\t\t<\/div>\n\t\t\t\t<div class=\"elementor-element elementor-element-4230764 elementor-widget elementor-widget-text-editor\" data-id=\"4230764\" data-element_type=\"widget\" data-e-type=\"widget\" data-widget_type=\"text-editor.default\">\n\t\t\t\t\t\t\t\t\t<div id=\"comp-lmdjn5mm\" class=\"AHplzk comp-lmdjn5mm\"><div class=\"\" data-mesh-id=\"comp-lmdjn5mminlineContent\" data-testid=\"inline-content\"><div data-mesh-id=\"comp-lmdjn5mminlineContent-gridContainer\" data-testid=\"mesh-container-content\"><div id=\"comp-lmdjn5vi\" class=\"s0rHfl\"><div id=\"text-content-comp-lmdjn5vi\" class=\"Z_l5lU ku3DBC zQ9jDz comp-lmdjn5vi wixui-rich-text\" data-testid=\"richTextElement\"><h4 class=\"font_2 wixui-rich-text__text\"><span class=\"wixui-rich-text__text\">2. Jugendwart<\/span><\/h4><h4 class=\"font_2 wixui-rich-text__text\"><span class=\"wixui-rich-text__text\"><span class=\"wixGuard wixui-rich-text__text\">\u200b<\/span><\/span><span class=\"wixui-rich-text__text\">Luca Jakubiak<\/span><\/h4><h4 class=\"font_2 wixui-rich-text__text\"><span class=\"wixui-rich-text__text\">0176 45679986<\/span><\/h4><\/div><\/div><\/div><\/div><\/div>\t\t\t\t\t\t\t\t<\/div>\n\t\t\t\t<\/div>\n\t\t\t\t<\/div>\n\t\t\t\t<\/div>\n\t\t\t\t<\/div>\n\t\t","protected":false},"excerpt":{"rendered":"<p>Unser Vereinsvorstand Vorsitzender Bernd Cosanne 01728062079 2. Vorsitzender Daniel B\u00fcgers 1. Gesch\u00e4ftsf\u00fchrerin Edda Van Haarst 01622182158 2. Gesch\u00e4ftsf\u00fchrerin Tanja Kornau [&hellip;]<\/p>\n","protected":false},"author":1,"featured_media":0,"parent":307,"menu_order":0,"comment_status":"closed","ping_status":"closed","template":"","meta":{"site-sidebar-layout":"no-sidebar","site-content-layout":"","ast-site-content-layout":"full-width-container","site-content-style":"default","site-sidebar-style":"default","ast-global-header-display":"","ast-banner-title-visibility":"","ast-main-header-display":"","ast-hfb-above-header-display":"","ast-hfb-below-header-display":"","ast-hfb-mobile-header-display":"","site-post-title":"disabled","ast-breadcrumbs-content":"","ast-featured-img":"disabled","footer-sml-layout":"","ast-disable-related-posts":"","theme-transparent-header-meta":"","adv-header-id-meta":"","stick-header-meta":"","header-above-stick-meta":"","header-main-stick-meta":"","header-below-stick-meta":"","astra-migrate-meta-layouts":"default","ast-page-background-enabled":"default","ast-page-background-meta":{"desktop":{"background-color":"var(--ast-global-color-5)","background-image":"","background-repeat":"repeat","background-position":"center center","background-size":"auto","background-attachment":"scroll","background-type":"","background-media":"","overlay-type":"","overlay-color":"","overlay-opacity":"","overlay-gradient":""},"tablet":{"background-color":"","background-image":"","background-repeat":"repeat","background-position":"center center","background-size":"auto","background-attachment":"scroll","background-type":"","background-media":"","overlay-type":"","overlay-color":"","overlay-opacity":"","overlay-gradient":""},"mobile":{"background-color":"","background-image":"","background-repeat":"repeat","background-position":"center center","background-size":"auto","background-attachment":"scroll","background-type":"","background-media":"","overlay-type":"","overlay-color":"","overlay-opacity":"","overlay-gradient":""}},"ast-content-background-meta":{"desktop":{"background-color":"var(--ast-global-color-4)","background-image":"","background-repeat":"repeat","background-position":"center center","background-size":"auto","background-attachment":"scroll","background-type":"","background-media":"","overlay-type":"","overlay-color":"","overlay-opacity":"","overlay-gradient":""},"tablet":{"background-color":"var(--ast-global-color-4)","background-image":"","background-repeat":"repeat","background-position":"center center","background-size":"auto","background-attachment":"scroll","background-type":"","background-media":"","overlay-type":"","overlay-color":"","overlay-opacity":"","overlay-gradient":""},"mobile":{"background-color":"var(--ast-global-color-4)","background-image":"","background-repeat":"repeat","background-position":"center center","background-size":"auto","background-attachment":"scroll","background-type":"","background-media":"","overlay-type":"","overlay-color":"","overlay-opacity":"","overlay-gradient":""}},"footnotes":""},"class_list":["post-558","page","type-page","status-publish","hentry"],"_links":{"self":[{"href":"https:\/\/zrfv-lembeck.de\/index.php?rest_route=\/wp\/v2\/pages\/558","targetHints":{"allow":["GET"]}}],"collection":[{"href":"https:\/\/zrfv-lembeck.de\/index.php?rest_route=\/wp\/v2\/pages"}],"about":[{"href":"https:\/\/zrfv-lembeck.de\/index.php?rest_route=\/wp\/v2\/types\/page"}],"author":[{"embeddable":true,"href":"https:\/\/zrfv-lembeck.de\/index.php?rest_route=\/wp\/v2\/users\/1"}],"replies":[{"embeddable":true,"href":"https:\/\/zrfv-lembeck.de\/index.php?rest_route=%2Fwp%2Fv2%2Fcomments&post=558"}],"version-history":[{"count":42,"href":"https:\/\/zrfv-lembeck.de\/index.php?rest_route=\/wp\/v2\/pages\/558\/revisions"}],"predecessor-version":[{"id":768,"href":"https:\/\/zrfv-lembeck.de\/index.php?rest_route=\/wp\/v2\/pages\/558\/revisions\/768"}],"up":[{"embeddable":true,"href":"https:\/\/zrfv-lembeck.de\/index.php?rest_route=\/wp\/v2\/pages\/307"}],"wp:attachment":[{"href":"https:\/\/zrfv-lembeck.de\/index.php?rest_route=%2Fwp%2Fv2%2Fmedia&parent=558"}],"curies":[{"name":"wp","href":"https:\/\/api.w.org\/{rel}","templated":true}]}}