{"id":458,"date":"2025-11-10T22:39:19","date_gmt":"2025-11-10T21:39:19","guid":{"rendered":"https:\/\/zrfv-lembeck.de\/?page_id=458"},"modified":"2026-02-25T10:35:38","modified_gmt":"2026-02-25T09:35:38","slug":"reitunterricht","status":"publish","type":"page","link":"https:\/\/zrfv-lembeck.de\/?page_id=458","title":{"rendered":"Reitunterricht"},"content":{"rendered":"\t\t<div data-elementor-type=\"wp-page\" data-elementor-id=\"458\" class=\"elementor elementor-458\">\n\t\t\t\t<div class=\"elementor-element elementor-element-ad490be e-flex e-con-boxed e-con e-parent\" data-id=\"ad490be\" data-element_type=\"container\" data-e-type=\"container\">\n\t\t\t\t\t<div class=\"e-con-inner\">\n\t\t\t\t<div class=\"elementor-element elementor-element-0859601 elementor-widget elementor-widget-text-editor\" data-id=\"0859601\" data-element_type=\"widget\" data-e-type=\"widget\" data-widget_type=\"text-editor.default\">\n\t\t\t\t\t\t\t\t\t<section id=\"comp-lfwmu62t\" class=\"Oqnisf comp-lfwmu62t wixui-section\" tabindex=\"-1\" data-block-level-container=\"ClassicSection\" aria-label=\"main content\"><div class=\"\" data-mesh-id=\"comp-lfwmu62tinlineContent\" data-testid=\"inline-content\"><div data-mesh-id=\"comp-lfwmu62tinlineContent-gridContainer\" data-testid=\"mesh-container-content\"><div id=\"comp-ld0mtkjd\" class=\"Z_l5lU ku3DBC zQ9jDz qvSjx3 Vq6kJx comp-ld0mtkjd wixui-rich-text\" data-testid=\"richTextElement\"><p class=\"font_2 wixui-rich-text__text\"><strong><span class=\"wixui-rich-text__text\">Reitunterricht beim Reitverein Lembeck<\/span><\/strong><\/p><p class=\"font_2 wixui-rich-text__text\"><span class=\"wixui-rich-text__text\">Kinder und Jugendliche<\/span><\/p><\/div><div id=\"comp-ld0mqzp4\" class=\"Z_l5lU ku3DBC zQ9jDz qvSjx3 Vq6kJx comp-ld0mqzp4 wixui-rich-text\" data-testid=\"richTextElement\"><p class=\"font_8 wixui-rich-text__text\"><span class=\"wixui-rich-text__text\">Insbesondere wenn Sie und ihr Kind noch pferdeunerfahren sind, m\u00f6chten wir Ihnen vorab unseren Voltigierunterricht ans Herz legen. Dies aus folgendem Grund:<\/span><\/p><p class=\"font_8 wixui-rich-text__text\"><span class=\"wixui-rich-text__text\">Es passiert unweigerlich jedem Reiter, dass er auch mal vom Pferd f\u00e4llt, was leider zu Verletzungen f\u00fchren kann. Das ist nicht sch\u00f6n, kommt aber vor. F\u00fcr die Sicherheit der Reiter sollte man (und m\u00f6chten wir) an zwei Punkten ansetzen. Zum einen an der Pr\u00e4vention, d. h. den Reitsch\u00fcler bestm\u00f6glich sattelfest zu machen, damit er m\u00f6glichst gar nicht erst herunterf\u00e4llt. Und zum anderen an der Sturztechnik. Das klingt vielleicht komisch, es ist aber so, dass man seinen K\u00f6rper auf solche St\u00fcrze trainieren kann, so dass in den meisten F\u00e4llen keine oder nur geringere Verletzungen entstehen.<\/span><\/p><p class=\"font_8 wixui-rich-text__text\"><span class=\"wixui-rich-text__text\">Der Voltigierunterricht setzt an eben diesen beiden Punkten der Sicherheit in besonderem Ma\u00dfe an: Die Kinder lernen hier sehr intensiv, sich auf die Bewegung des Pferdes einzustellen, was deutlich dazu beitr\u00e4gt, m\u00f6glichst selten vom Pferd zu fallen. Und zum zweiten lernen die Kinder aktiv verschiedene Sturztechniken. Zum Teil am Boden und vom Holzpferd. Aber auch durch verschiedenartiges Hinabgleiten und Abspringen vom echten Pferd im Stand und in Bewegung.<\/span><\/p><p class=\"font_8 wixui-rich-text__text\"><span class=\"wixui-rich-text__text\">Nachfolgend stellen wir kurz unsere Ausbildungsmodule dar. Bei Fragen sprechen Sie uns gerne an!<\/span><\/p><\/div><\/div><\/div><\/section><section id=\"comp-lfwmu62u\" class=\"Oqnisf comp-lfwmu62u wixui-section\" tabindex=\"-1\" data-block-level-container=\"ClassicSection\"><div id=\"bgLayers_comp-lfwmu62u\" class=\"MW5IWV\" data-hook=\"bgLayers\" data-motion-part=\"BG_LAYER comp-lfwmu62u\"><div id=\"bgMedia_comp-lfwmu62u\" class=\"VgO9Yg\" data-motion-part=\"BG_MEDIA comp-lfwmu62u\">\u00a0<\/div><\/div><div class=\"\" data-mesh-id=\"comp-lfwmu62uinlineContent\" data-testid=\"inline-content\"><div data-mesh-id=\"comp-lfwmu62uinlineContent-gridContainer\" data-testid=\"mesh-container-content\"><div id=\"comp-ld0ncl07\" class=\"Z_l5lU ku3DBC zQ9jDz qvSjx3 Vq6kJx comp-ld0ncl07 wixui-rich-text\" data-testid=\"richTextElement\"><p class=\"font_2 wixui-rich-text__text\"><strong><span class=\"wixui-rich-text__text\"><span class=\"color_15 wixui-rich-text__text\">1. Reitkindergarten<\/span><\/span><\/strong><\/p><\/div><div id=\"comp-ld0nesj0\" class=\"Z_l5lU ku3DBC zQ9jDz qvSjx3 Vq6kJx comp-ld0nesj0 wixui-rich-text\" data-testid=\"richTextElement\"><p class=\"font_8 wixui-rich-text__text\"><span class=\"wixui-rich-text__text\">F\u00fcr Kinder ab 4 Jahren bis ca. 6 Jahre<\/span><\/p><p class=\"font_8 wixui-rich-text__text\"><span class=\"wixui-rich-text__text\">Es sind keine (Vor-) Erfahrungen mit Pferden erforderlich.<\/span><\/p><p class=\"font_8 wixui-rich-text__text\"><span class=\"wixui-rich-text__text\">Im Reitkindergarten werden die Kinder in kleinen Gruppen spielerisch an das Thema Pferd herangef\u00fchrt. Sie lernen gemeinsam den Umgang mit Pferden kennen und machen erste Reiterfahrungen auf einem gef\u00fchrten Pferd.<\/span><\/p><p class=\"font_8 wixui-rich-text__text\"><span class=\"wixui-rich-text__text\">Als Anschluss empfehlen wir den Voltigierunterricht, an dem Kinder ab 5 Jahren teilnehmen k\u00f6nnen.<\/span><span class=\"wixui-rich-text__text\"><span class=\"wixGuard wixui-rich-text__text\">\u200b<\/span><\/span><\/p><\/div><div id=\"comp-ld0nlgxa\" class=\"Z_l5lU ku3DBC zQ9jDz qvSjx3 Vq6kJx comp-ld0nlgxa wixui-rich-text\" data-testid=\"richTextElement\"><p class=\"font_2 wixui-rich-text__text\"><strong><span class=\"wixui-rich-text__text\">2. Voltigierunterricht<\/span><\/strong><\/p><\/div><div id=\"comp-ld0no28n\" class=\"Z_l5lU ku3DBC zQ9jDz qvSjx3 Vq6kJx comp-ld0no28n wixui-rich-text\" data-testid=\"richTextElement\"><p class=\"font_8 wixui-rich-text__text\"><span class=\"wixui-rich-text__text\">F\u00fcr Kinder ab 5 Jahren<\/span><\/p><p class=\"font_8 wixui-rich-text__text\"><span class=\"wixui-rich-text__text\">Es sind keine (Vor-) Erfahrungen mit Pferden erforderlich<\/span><\/p><p class=\"font_8 wixui-rich-text__text\"><span class=\"wixui-rich-text__text\">Voltigieren beinhaltet das Erlernen von Turn\u00fcbungen auf dem Pferd in Bewegung. Das f\u00f6rdert die motorischen F\u00e4higkeiten, das Taktgef\u00fchl und das Gleichgewicht der Kinder. Voltigieren ist eine wunderbar gymnastizierende und k\u00fcnstlerische Sportart, die insbesondere in der Gruppe viel Spa\u00df macht.<\/span><\/p><p class=\"font_8 wixui-rich-text__text\"><span class=\"wixui-rich-text__text\">Ferner empfehlen wir den Voltigierunterricht f\u00fcr alle Kinder unter 9 Jahren als Vorstufe zum Longen- und Reitunterricht. Beim Voltigieren lernen die Kinder, auf ein Pferd in allen 3 Grundgangarten zu sitzen, auch ohne sich dabei mit den H\u00e4nden festhalten zu m\u00fcssen. Die gro\u00dfen Griffe am Voltigiergurt geben aber dabei den Kindern viel Sicherheit beim Erlernen der einzelnen Ausbildungsschritte. Desweiteren werden verschiedene Falltechniken ge\u00fcbt.<\/span><\/p><\/div><\/div><\/div><\/section><section id=\"comp-lfwmu62v\" class=\"Oqnisf comp-lfwmu62v wixui-section\" tabindex=\"-1\" data-block-level-container=\"ClassicSection\"><div class=\"\" data-mesh-id=\"comp-lfwmu62vinlineContent\" data-testid=\"inline-content\"><div data-mesh-id=\"comp-lfwmu62vinlineContent-gridContainer\" data-testid=\"mesh-container-content\"><div id=\"comp-ld0ntnmt\" class=\"Z_l5lU ku3DBC zQ9jDz qvSjx3 Vq6kJx comp-ld0ntnmt wixui-rich-text\" data-testid=\"richTextElement\"><p class=\"font_2 wixui-rich-text__text\"><strong><span class=\"wixui-rich-text__text\">3. Longen-Reitstunden<\/span><\/strong><\/p><\/div><div id=\"comp-ld0ntno0\" class=\"Z_l5lU ku3DBC zQ9jDz qvSjx3 Vq6kJx comp-ld0ntno0 wixui-rich-text\" data-testid=\"richTextElement\"><p class=\"font_8 wixui-rich-text__text\"><span class=\"color_14 wixui-rich-text__text\"><span class=\"wixui-rich-text__text\">F\u00fcr Kinder ohne Reit- und\/oder Voltigiererfahrung ab 9 Jahren<\/span><\/span><\/p><p class=\"font_8 wixui-rich-text__text\"><span class=\"color_14 wixui-rich-text__text\"><span class=\"wixui-rich-text__text\">F\u00fcr Kinder mit ausreichender Reit- und\/oder Voltigiererfahrung (Sitzen aller 3 Grundgangarten ohne Festhalten) ab 8 Jahren<\/span><\/span><\/p><p class=\"font_8 wixui-rich-text__text\"><span class=\"color_14 wixui-rich-text__text\"><span class=\"wixui-rich-text__text\">Im Longen-Unterricht erlernen die Kinder ein Pferd mit Sattel und Trense zu reiten. Der Longen-Unterricht dient als Vorstufen zum Anf\u00e4nger-Unterricht.<\/span><\/span><\/p><p class=\"font_8 wixui-rich-text__text\"><span class=\"wixui-rich-text__text\"><span class=\"wixGuard wixui-rich-text__text\">\u200b<\/span><\/span><strong><span class=\"wixui-rich-text__text\">4. Anf\u00e4nger-Reitstunden<\/span><\/strong><\/p><\/div><div id=\"comp-ld0o6prg\" class=\"Z_l5lU ku3DBC zQ9jDz qvSjx3 Vq6kJx comp-ld0o6prg wixui-rich-text\" data-testid=\"richTextElement\"><p class=\"font_8 wixui-rich-text__text\"><span class=\"color_14 wixui-rich-text__text\"><span class=\"wixui-rich-text__text\">F\u00fcr Kinder ab 8 Jahren mit ersten Reiterfahrungen<\/span><\/span><\/p><p class=\"font_8 wixui-rich-text__text\"><span class=\"color_14 wixui-rich-text__text\"><span class=\"wixui-rich-text__text\">\u200b<\/span><span class=\"wixui-rich-text__text\">Voraussetzung f\u00fcr die Teilnahme am Anf\u00e4nger-Reitunterricht ist, dass die Kinder alle 3 Grundgangarten sicher sitzen und erste Bahnfiguren reiten k\u00f6nnen.<\/span><\/span><\/p><p class=\"font_8 wixui-rich-text__text\"><span class=\"color_14 wixui-rich-text__text\"><span class=\"wixui-rich-text__text\"><span class=\"wixGuard wixui-rich-text__text\">\u200b<\/span><\/span><\/span><strong><span class=\"wixui-rich-text__text\">5. Fortgeschrittenen-Reitstunden<\/span><\/strong><\/p><\/div><div id=\"comp-ld0ocaz7\" class=\"Z_l5lU ku3DBC zQ9jDz qvSjx3 Vq6kJx comp-ld0ocaz7 wixui-rich-text\" data-testid=\"richTextElement\"><p class=\"font_8 wixui-rich-text__text\"><span class=\"wixui-rich-text__text\">F\u00fcr Kinder ab 8 Jahren mit ersten Reiterfahrungen<\/span><\/p><p class=\"font_8 wixui-rich-text__text\"><span class=\"wixui-rich-text__text\">Voraussetzung f\u00fcr die Teilnahme am Anf\u00e4nger-Reitunterricht ist, dass die Kinder alle 3 Grundgangarten sicher sitzen und erste Bahnfiguren reiten k\u00f6nnen.<\/span><\/p><p class=\"font_8 wixui-rich-text__text\"><span class=\"wixui-rich-text__text\"><span class=\"wixGuard wixui-rich-text__text\">\u200b<\/span><\/span><strong><span class=\"wixui-rich-text__text\"><span class=\"color_15 wixui-rich-text__text\">Und grunds\u00e4tzlich<\/span><\/span><\/strong><\/p><\/div><div id=\"comp-ld0og4gj\" class=\"Z_l5lU ku3DBC zQ9jDz qvSjx3 Vq6kJx comp-ld0og4gj wixui-rich-text\" data-testid=\"richTextElement\"><p class=\"font_8 wixui-rich-text__text\"><span class=\"wixui-rich-text__text\">Wir m\u00f6chten bereits an dieser Stelle ein paar grunds\u00e4tzliche Dinge anmerken, die f\u00fcr ALLE Module unseres Angebotes gelten:<\/span><\/p><p class=\"font_8 wixui-rich-text__text\"><span class=\"wixui-rich-text__text\">&#8211; Pferdesport ist nur m\u00f6glich, wenn man sich um das Pferd und seine Unterbringung ad\u00e4quat k\u00fcmmert. Daher geh\u00f6rt es zu der Teilnahme an unserem Sportangebot dazu, dass die Sportler vor und nach dem Unterricht helfen, auch den \u201eRest\u201c zu erledigen. Das umfasst u. a. Pferdepflege vor und nach dem Reiten, Auf- und Absatteln der Pferde, ordentliches Wegr\u00e4umen der Utensilien, Stallgasse fegen (insbesondere nach dem Absatteln und vor dem Nachhausefahren), Reithallen\/Reitpl\u00e4tze ab\u00e4ppeln, Schubkarren leeren, usw.<\/span><\/p><p class=\"font_8 wixui-rich-text__text\"><span class=\"wixui-rich-text__text\">Den Satz \u201eDu brauchst nicht zu fegen (o.\u00e4.), wir bezahlen daf\u00fcr\u201c m\u00f6chten wir nicht h\u00f6ren, weil er nicht stimmt. Wir besch\u00e4ftigen kein Personal, das daf\u00fcr bezahlt w\u00fcrde, dem Reiter hinterherzur\u00e4umen. Bezahlt wird ausschlie\u00dflich f\u00fcr den Reitunterricht. Jeder Reiter macht daher seinen Dreck und den seines Pferdes bitte selber weg.<\/span><\/p><p class=\"font_8 wixui-rich-text__text\"><span class=\"wixui-rich-text__text\">&#8211; Wir haben unterschiedliche Schulpferde, gro\u00dfe, kleine, schnelle, langsame. Da wir eine Vielzahl von Reitern mit unseren Pferden \u00fcber die Woche verteilt bedienen m\u00fcssen, werden die Pferde jeweils so zugeteilt, wie es insgesamt am besten auskommt. Selbstverst\u00e4ndlich wird dabei ber\u00fccksichtigt, dass jeder Reiter ein Pferd bekommt, das er \u201ebew\u00e4ltigen\u201c kann. Unsere Reitlehrer sind fachlich ausgebildet, das beurteilen zu k\u00f6nnen. Wir bitten daher um Verst\u00e4ndnis, dass auch Kinder auf Gro\u00dfpferde gesetzt werden und sehr wahrscheinlich jeder irgendwann &#8211; vielleicht sogar \u00f6fter -auf einem Pferd reiten muss, das er pers\u00f6nlich nicht so gerne mag. Es ist uns wichtig, dass unsere Schulpferde als Team betrachtet werden. Wenn einer wegen Krankheit ausf\u00e4llt, springen die anderen mit ein. Und wir m\u00f6gen es dann nicht, wenn die Reitsch\u00fcler murren, weil sie nicht das Pferd bekommen, was sie haben wollten.<\/span><\/p><\/div><\/div><\/div><\/section>\t\t\t\t\t\t\t\t<\/div>\n\t\t\t\t\t<\/div>\n\t\t\t\t<\/div>\n\t\t\t\t<\/div>\n\t\t","protected":false},"excerpt":{"rendered":"<p>Reitunterricht beim Reitverein Lembeck Kinder und Jugendliche Insbesondere wenn Sie und ihr Kind noch pferdeunerfahren sind, m\u00f6chten wir Ihnen vorab [&hellip;]<\/p>\n","protected":false},"author":1,"featured_media":0,"parent":307,"menu_order":22,"comment_status":"closed","ping_status":"closed","template":"","meta":{"site-sidebar-layout":"no-sidebar","site-content-layout":"","ast-site-content-layout":"full-width-container","site-content-style":"default","site-sidebar-style":"default","ast-global-header-display":"","ast-banner-title-visibility":"","ast-main-header-display":"","ast-hfb-above-header-display":"","ast-hfb-below-header-display":"","ast-hfb-mobile-header-display":"","site-post-title":"disabled","ast-breadcrumbs-content":"","ast-featured-img":"disabled","footer-sml-layout":"","ast-disable-related-posts":"","theme-transparent-header-meta":"","adv-header-id-meta":"","stick-header-meta":"","header-above-stick-meta":"","header-main-stick-meta":"","header-below-stick-meta":"","astra-migrate-meta-layouts":"default","ast-page-background-enabled":"default","ast-page-background-meta":{"desktop":{"background-color":"var(--ast-global-color-5)","background-image":"","background-repeat":"repeat","background-position":"center center","background-size":"auto","background-attachment":"scroll","background-type":"","background-media":"","overlay-type":"","overlay-color":"","overlay-opacity":"","overlay-gradient":""},"tablet":{"background-color":"","background-image":"","background-repeat":"repeat","background-position":"center center","background-size":"auto","background-attachment":"scroll","background-type":"","background-media":"","overlay-type":"","overlay-color":"","overlay-opacity":"","overlay-gradient":""},"mobile":{"background-color":"","background-image":"","background-repeat":"repeat","background-position":"center center","background-size":"auto","background-attachment":"scroll","background-type":"","background-media":"","overlay-type":"","overlay-color":"","overlay-opacity":"","overlay-gradient":""}},"ast-content-background-meta":{"desktop":{"background-color":"var(--ast-global-color-4)","background-image":"","background-repeat":"repeat","background-position":"center center","background-size":"auto","background-attachment":"scroll","background-type":"","background-media":"","overlay-type":"","overlay-color":"","overlay-opacity":"","overlay-gradient":""},"tablet":{"background-color":"var(--ast-global-color-4)","background-image":"","background-repeat":"repeat","background-position":"center center","background-size":"auto","background-attachment":"scroll","background-type":"","background-media":"","overlay-type":"","overlay-color":"","overlay-opacity":"","overlay-gradient":""},"mobile":{"background-color":"var(--ast-global-color-4)","background-image":"","background-repeat":"repeat","background-position":"center center","background-size":"auto","background-attachment":"scroll","background-type":"","background-media":"","overlay-type":"","overlay-color":"","overlay-opacity":"","overlay-gradient":""}},"footnotes":""},"class_list":["post-458","page","type-page","status-publish","hentry"],"_links":{"self":[{"href":"https:\/\/zrfv-lembeck.de\/index.php?rest_route=\/wp\/v2\/pages\/458","targetHints":{"allow":["GET"]}}],"collection":[{"href":"https:\/\/zrfv-lembeck.de\/index.php?rest_route=\/wp\/v2\/pages"}],"about":[{"href":"https:\/\/zrfv-lembeck.de\/index.php?rest_route=\/wp\/v2\/types\/page"}],"author":[{"embeddable":true,"href":"https:\/\/zrfv-lembeck.de\/index.php?rest_route=\/wp\/v2\/users\/1"}],"replies":[{"embeddable":true,"href":"https:\/\/zrfv-lembeck.de\/index.php?rest_route=%2Fwp%2Fv2%2Fcomments&post=458"}],"version-history":[{"count":10,"href":"https:\/\/zrfv-lembeck.de\/index.php?rest_route=\/wp\/v2\/pages\/458\/revisions"}],"predecessor-version":[{"id":977,"href":"https:\/\/zrfv-lembeck.de\/index.php?rest_route=\/wp\/v2\/pages\/458\/revisions\/977"}],"up":[{"embeddable":true,"href":"https:\/\/zrfv-lembeck.de\/index.php?rest_route=\/wp\/v2\/pages\/307"}],"wp:attachment":[{"href":"https:\/\/zrfv-lembeck.de\/index.php?rest_route=%2Fwp%2Fv2%2Fmedia&parent=458"}],"curies":[{"name":"wp","href":"https:\/\/api.w.org\/{rel}","templated":true}]}}