{"id":307,"date":"2025-11-09T19:37:02","date_gmt":"2025-11-09T18:37:02","guid":{"rendered":"https:\/\/zrfv-lembeck.de\/?page_id=307"},"modified":"2025-11-11T21:14:02","modified_gmt":"2025-11-11T20:14:02","slug":"elementor-seite-307","status":"publish","type":"page","link":"https:\/\/zrfv-lembeck.de\/?page_id=307","title":{"rendered":"\u00dcber uns"},"content":{"rendered":"\t\t<div data-elementor-type=\"wp-page\" data-elementor-id=\"307\" class=\"elementor elementor-307\">\n\t\t\t\t<div class=\"elementor-element elementor-element-29bf373 e-flex e-con-boxed e-con e-parent\" data-id=\"29bf373\" data-element_type=\"container\" data-e-type=\"container\">\n\t\t\t\t\t<div class=\"e-con-inner\">\n\t\t\t\t<div class=\"elementor-element elementor-element-1237768 elementor-widget elementor-widget-text-editor\" data-id=\"1237768\" data-element_type=\"widget\" data-e-type=\"widget\" data-widget_type=\"text-editor.default\">\n\t\t\t\t\t\t\t\t\t<div class=\"FVGvCX\"><div id=\"Containercee5\" class=\"Containercee5 SPY_vo\"><div class=\"\" data-mesh-id=\"Containercee5inlineContent\" data-testid=\"inline-content\"><div data-mesh-id=\"Containercee5inlineContent-gridContainer\" data-testid=\"mesh-container-content\"><section id=\"comp-lfwmu69k\" class=\"Oqnisf comp-lfwmu69k wixui-section\" tabindex=\"-1\" data-block-level-container=\"ClassicSection\" aria-label=\"main content\"><div class=\"\" data-mesh-id=\"comp-lfwmu69kinlineContent\" data-testid=\"inline-content\"><div data-mesh-id=\"comp-lfwmu69kinlineContent-gridContainer\" data-testid=\"mesh-container-content\"><div id=\"comp-ipcnnzjy\" class=\"Z_l5lU MMl86N zQ9jDz qvSjx3 Vq6kJx comp-ipcnnzjy wixui-rich-text\" data-testid=\"richTextElement\"><p class=\"font_8 wixui-rich-text__text\"><strong><span class=\"wixui-rich-text__text\">\u00dcber uns &#8230;<\/span><\/strong><\/p><p class=\"font_8 wixui-rich-text__text\">Unser Reitverein (gegr. 1928) liegt nahe Schloss Lembeck am Rande der Hohen Mark mit ihren wundersch\u00f6nen Reitwegen.\u00a0<\/p><p class=\"font_8 wixui-rich-text__text\">Er wurde bereits 1928 von seinerzeit 15 Mitgliedern gegr\u00fcndet. Heute hat er etwa 400 Mitglieder.<\/p><p class=\"font_8 wixui-rich-text__text\">Der ZRFV Lembeck ist einer der wenigen Vereine im Kreisreiterverband Recklinghausen, die noch komplett selbst\u00e4ndig arbeiten und eine eigene Anlage betreiben.<\/p><p class=\"font_8 wixui-rich-text__text\"><strong><span class=\"wixui-rich-text__text\">Die Anlage<\/span><\/strong><br class=\"wixui-rich-text__text\" \/><br class=\"wixui-rich-text__text\" \/>Die Reitanlage umfasst eine gro\u00dfe Halle (60m x 25m) und eine kleine Halle (20m x 40m), \u00a0einen Au\u00dfenreitplatz (60m x 25m) und einen Springplatz (50x80m), eine F\u00fchranlage sowie zahlreiche Weiden. In Au\u00dfen- und Innenboxen (haupts\u00e4chlich mit Au\u00dfenfenstern) ist Platz f\u00fcr ca. 40 Schul- und Pensionspferde. Dar\u00fcber hinaus verf\u00fcgen wir \u00fcber zwei Casinos, die Raum f\u00fcr gem\u00fctliches Beisammensein bieten. Der Verein ist Eigent\u00fcmer der kompletten Reitanlage.<\/p><p class=\"font_8 wixui-rich-text__text\"><span class=\"wixui-rich-text__text\">Volti- und Reitunterricht<\/span><br class=\"wixui-rich-text__text\" \/><br class=\"wixui-rich-text__text\" \/>Unsere Ausbilder erteilen Voltigier- und Reitunterricht f\u00fcr Anf\u00e4nger, Wiedereinsteiger und Fortgeschrittene, wobei nicht nur Kinder den Umgang mit Pferden lernen, sondern auch erwachsene Anf\u00e4nger hier die Freude am Reitsport entdecken k\u00f6nnen. F\u00fcr die ganz kleinen Pferdefans ab vier findet ein w\u00f6chentlicher Reitkindergarten statt.<br class=\"wixui-rich-text__text\" \/><br class=\"wixui-rich-text__text\" \/>In der Voltigierabteilung f\u00fchlen sich besonders die j\u00fcngsten Pferdefreunde ab 5 Jahren wohl. Hier werden die Kinder in kleinen Gruppen an das Pferd herangef\u00fchrt. Mit viel Spa\u00df fassen sie schnell Vertrauen zum Pferd und trainieren ihr Gleichgewichtsgef\u00fchl und die dynamische Bewegung auf dem Pferd.<\/p><p class=\"font_8 wixui-rich-text__text\"><span class=\"wixGuard wixui-rich-text__text\">\u200b<\/span>Die Grundlagen des Reitsports, die Basis f\u00fcr das Dressurreiten und das Springen, sowie die Vorbereitung auf Turniere werden durch unsere Reitlehrer vermittelt.<\/p><p class=\"font_8 wixui-rich-text__text\">Insgesamt stehen dem Reitverein zahlreiche Schulpferde vom Pony bis zum Gro\u00dfpferd zur Verf\u00fcgung.<\/p><p class=\"font_8 wixui-rich-text__text\">Der aktuelle Reitstundenplan sowie besondere Trainingsangebote (Lehrg\u00e4nge, Abzeichenpr\u00fcfungen usw.) finden Sie hier an anderer Stelle..<br class=\"wixui-rich-text__text\" \/><br class=\"wixui-rich-text__text\" \/>Wenn Sie Interesse an Reitstunden haben, kommen Sie vorbei oder melden sich telefonisch oder per Mail (info@zrfv-lembeck.de)<\/p><p class=\"font_8 wixui-rich-text__text\"><span class=\"wixui-rich-text__text\">Veranstaltungen<\/span><\/p><p class=\"font_8 wixui-rich-text__text\">Im laufe des Jahres richten wir mehrere Turniere aus. Dar\u00fcber hinaus gibt es viele weitere Angebote<\/p><p class=\"font_8 wixui-rich-text__text\">&#8211; Lehrg\u00e4nge (Dressur-und Springlehrg\u00e4nge)<\/p><p class=\"font_8 wixui-rich-text__text\">&#8211; Abzeichenpr\u00fcfungen vom Steckenpferd bis zum silbernen Reitabzeichen<\/p><p class=\"font_8 wixui-rich-text__text\">&#8211; Tag der offenen T\u00fcr<\/p><p class=\"font_8 wixui-rich-text__text\">&#8211; Ferienspa\u00df<\/p><p class=\"font_8 wixui-rich-text__text\">&#8211; Sommerfest<\/p><p class=\"font_8 wixui-rich-text__text\">&#8211; Sommerferienzeltlager<\/p><p class=\"font_8 wixui-rich-text__text\">&#8211; Herbstausritt mit Planwagenfahrt<\/p><p class=\"font_8 wixui-rich-text__text\">&#8211; Weihnachtsfeier<\/p><p class=\"font_8 wixui-rich-text__text\"><span class=\"wixGuard wixui-rich-text__text\">\u200b<\/span>und unser Jugendvorstand organisiert diverse Ausfl\u00fcge der Jugendabteilung statt.<\/p><p class=\"font_8 wixui-rich-text__text\">Wer also Interesse am Reitsport hat, ist jederzeit herzlich eingeladen uns auf unserer Anlage am Hagen in Lembeck zu besuchen.<\/p><\/div><\/div><\/div><\/section><\/div><\/div><\/div><\/div>\t\t\t\t\t\t\t\t<\/div>\n\t\t\t\t\t<\/div>\n\t\t\t\t<\/div>\n\t\t\t\t<\/div>\n\t\t","protected":false},"excerpt":{"rendered":"<p>\u00dcber uns &#8230; Unser Reitverein (gegr. 1928) liegt nahe Schloss Lembeck am Rande der Hohen Mark mit ihren wundersch\u00f6nen Reitwegen.\u00a0 [&hellip;]<\/p>\n","protected":false},"author":1,"featured_media":0,"parent":0,"menu_order":20,"comment_status":"closed","ping_status":"closed","template":"","meta":{"site-sidebar-layout":"no-sidebar","site-content-layout":"","ast-site-content-layout":"full-width-container","site-content-style":"default","site-sidebar-style":"default","ast-global-header-display":"","ast-banner-title-visibility":"","ast-main-header-display":"","ast-hfb-above-header-display":"","ast-hfb-below-header-display":"","ast-hfb-mobile-header-display":"","site-post-title":"disabled","ast-breadcrumbs-content":"","ast-featured-img":"disabled","footer-sml-layout":"","ast-disable-related-posts":"","theme-transparent-header-meta":"","adv-header-id-meta":"","stick-header-meta":"","header-above-stick-meta":"","header-main-stick-meta":"","header-below-stick-meta":"","astra-migrate-meta-layouts":"default","ast-page-background-enabled":"default","ast-page-background-meta":{"desktop":{"background-color":"var(--ast-global-color-5)","background-image":"","background-repeat":"repeat","background-position":"center center","background-size":"auto","background-attachment":"scroll","background-type":"","background-media":"","overlay-type":"","overlay-color":"","overlay-opacity":"","overlay-gradient":""},"tablet":{"background-color":"","background-image":"","background-repeat":"repeat","background-position":"center center","background-size":"auto","background-attachment":"scroll","background-type":"","background-media":"","overlay-type":"","overlay-color":"","overlay-opacity":"","overlay-gradient":""},"mobile":{"background-color":"","background-image":"","background-repeat":"repeat","background-position":"center center","background-size":"auto","background-attachment":"scroll","background-type":"","background-media":"","overlay-type":"","overlay-color":"","overlay-opacity":"","overlay-gradient":""}},"ast-content-background-meta":{"desktop":{"background-color":"var(--ast-global-color-4)","background-image":"","background-repeat":"repeat","background-position":"center center","background-size":"auto","background-attachment":"scroll","background-type":"","background-media":"","overlay-type":"","overlay-color":"","overlay-opacity":"","overlay-gradient":""},"tablet":{"background-color":"var(--ast-global-color-4)","background-image":"","background-repeat":"repeat","background-position":"center center","background-size":"auto","background-attachment":"scroll","background-type":"","background-media":"","overlay-type":"","overlay-color":"","overlay-opacity":"","overlay-gradient":""},"mobile":{"background-color":"var(--ast-global-color-4)","background-image":"","background-repeat":"repeat","background-position":"center center","background-size":"auto","background-attachment":"scroll","background-type":"","background-media":"","overlay-type":"","overlay-color":"","overlay-opacity":"","overlay-gradient":""}},"footnotes":""},"class_list":["post-307","page","type-page","status-publish","hentry"],"_links":{"self":[{"href":"https:\/\/zrfv-lembeck.de\/index.php?rest_route=\/wp\/v2\/pages\/307","targetHints":{"allow":["GET"]}}],"collection":[{"href":"https:\/\/zrfv-lembeck.de\/index.php?rest_route=\/wp\/v2\/pages"}],"about":[{"href":"https:\/\/zrfv-lembeck.de\/index.php?rest_route=\/wp\/v2\/types\/page"}],"author":[{"embeddable":true,"href":"https:\/\/zrfv-lembeck.de\/index.php?rest_route=\/wp\/v2\/users\/1"}],"replies":[{"embeddable":true,"href":"https:\/\/zrfv-lembeck.de\/index.php?rest_route=%2Fwp%2Fv2%2Fcomments&post=307"}],"version-history":[{"count":8,"href":"https:\/\/zrfv-lembeck.de\/index.php?rest_route=\/wp\/v2\/pages\/307\/revisions"}],"predecessor-version":[{"id":422,"href":"https:\/\/zrfv-lembeck.de\/index.php?rest_route=\/wp\/v2\/pages\/307\/revisions\/422"}],"wp:attachment":[{"href":"https:\/\/zrfv-lembeck.de\/index.php?rest_route=%2Fwp%2Fv2%2Fmedia&parent=307"}],"curies":[{"name":"wp","href":"https:\/\/api.w.org\/{rel}","templated":true}]}}