{"id":27,"date":"2025-09-05T20:35:45","date_gmt":"2025-09-05T18:35:45","guid":{"rendered":"https:\/\/zrfv-lembeck.de\/?page_id=27"},"modified":"2025-11-11T21:15:05","modified_gmt":"2025-11-11T20:15:05","slug":"impressum","status":"publish","type":"page","link":"https:\/\/zrfv-lembeck.de\/?page_id=27","title":{"rendered":"Impressum"},"content":{"rendered":"\t\t<div data-elementor-type=\"wp-page\" data-elementor-id=\"27\" class=\"elementor elementor-27\">\n\t\t\t\t<div class=\"elementor-element elementor-element-804b748 e-flex e-con-boxed e-con e-parent\" data-id=\"804b748\" data-element_type=\"container\" data-e-type=\"container\" data-settings=\"{&quot;background_background&quot;:&quot;classic&quot;}\">\n\t\t\t\t\t<div class=\"e-con-inner\">\n\t\t\t\t<div class=\"elementor-element elementor-element-868681f elementor-widget elementor-widget-text-editor\" data-id=\"868681f\" data-element_type=\"widget\" data-e-type=\"widget\" data-widget_type=\"text-editor.default\">\n\t\t\t\t\t\t\t\t\t<h6 class=\"font_8 wixui-rich-text__text\"><span class=\"wixui-rich-text__text\">Impressum<\/span><span class=\"wixui-rich-text__text\">\u200b<\/span><\/h6><h6 class=\"font_8 wixui-rich-text__text\"><span class=\"wixui-rich-text__text\">Angaben gem\u00e4\u00df \u00a75 TMG<\/span><\/h6><h6 class=\"font_8 wixui-rich-text__text\"><span class=\"wixui-rich-text__text\">\u200b<\/span><span class=\"wixui-rich-text__text\">Zucht Reit &amp; Fahr-Verein Lembeck e.V. (ZRFV Lembeck)<\/span><\/h6><h6 class=\"font_4 wixui-rich-text__text\"><span class=\"wixui-rich-text__text\">Zur Reithalle 83<br class=\"wixui-rich-text__text\" \/>46286 Dorsten-Lembeck<\/span><\/h6><h6 class=\"font_4 wixui-rich-text__text\"><span class=\"wixui-rich-text__text\">Tel.: 02369 7 67 17<\/span><\/h6><h6 class=\"font_4 wixui-rich-text__text\"><span class=\"wixui-rich-text__text\">email: <a class=\"wixui-rich-text__text\" href=\"mailto:info@zrfv-lembeck.de\" data-auto-recognition=\"true\">info@zrfv-lembeck.de<\/a><\/span><\/h6><h6 class=\"font_4 wixui-rich-text__text\"><span class=\"wixui-rich-text__text\">USt-ID: DE125071154<\/span><\/h6><h6 class=\"font_4 wixui-rich-text__text\"><br class=\"wixui-rich-text__text\" \/><span class=\"wixui-rich-text__text\">Vertreten durch: <\/span><\/h6><h6 class=\"font_4 wixui-rich-text__text\"><span class=\"wixui-rich-text__text\">Bernd Cosanne\u00a0 (1. Vorsitzender)<\/span><\/h6><h6 class=\"font_4 wixui-rich-text__text\"><span class=\"wixui-rich-text__text\">Rhader Stra\u00dfe 3<\/span><\/h6><h6 class=\"font_4 wixui-rich-text__text\"><span class=\"wixui-rich-text__text\">46286 Dorsten-Lembeck<\/span><\/h6><h6 class=\"font_4 wixui-rich-text__text\"><span class=\"wixui-rich-text__text\">Tel.: 0172 \/ 8062079<\/span><\/h6><h6 class=\"font_4 wixui-rich-text__text\"><span class=\"wixui-rich-text__text\">\u200b<\/span><\/h6><h6 class=\"font_4 wixui-rich-text__text\"><span class=\"wixui-rich-text__text\">Daniel B\u00fcgers\u00a0 (2. Vorsitzender)<\/span><\/h6><h6 class=\"font_4 wixui-rich-text__text\"><span class=\"wixui-rich-text__text\">Schulstra\u00dfe 34,<\/span><\/h6><h6 class=\"font_4 wixui-rich-text__text\"><span class=\"wixui-rich-text__text\">46286 Dorsten, Lembeck<\/span><\/h6><h6 class=\"font_4 wixui-rich-text__text\"><span class=\"wixui-rich-text__text\">Tel.: 0173 6142709<\/span><\/h6><h6 class=\"font_4 wixui-rich-text__text\"><br class=\"wixui-rich-text__text\" \/><span class=\"wixui-rich-text__text\">Registergericht: \u00a0 Amtsgericht Gelsenkirchen<\/span><\/h6><h6 class=\"font_4 wixui-rich-text__text\"><span class=\"wixui-rich-text__text\">Registernummer VR 3403036<\/span><\/h6><h6 class=\"font_4 wixui-rich-text__text\"><span class=\"wixui-rich-text__text\">\u200b<\/span><\/h6><h6 class=\"font_4 wixui-rich-text__text\"><span class=\"wixui-rich-text__text\">Redaktionel verantwortlich:<\/span><\/h6><h6 class=\"font_4 wixui-rich-text__text\"><span class=\"wixui-rich-text__text\">\u200b<\/span><\/h6><h6 class=\"font_4 wixui-rich-text__text\"><span class=\"wixui-rich-text__text\">Wilhelm Stadtmann<\/span><\/h6><h6 class=\"font_4 wixui-rich-text__text\"><span class=\"wixui-rich-text__text\">Pr\u00e4senkamp 10<\/span><\/h6><h6 class=\"font_4 wixui-rich-text__text\"><span class=\"wixui-rich-text__text\">46286 Dorsten<\/span><\/h6><h6 class=\"font_4 wixui-rich-text__text\"><span class=\"wixui-rich-text__text\">Tel.: 0163 9211498<\/span><\/h6><h6 class=\"font_4 wixui-rich-text__text\"><span class=\"wixui-rich-text__text\">email: <a class=\"wixui-rich-text__text\" href=\"mailto:wilhelm.stadtmann@web.de\" data-auto-recognition=\"true\">wilhelm.stadtmann@web.de<\/a><\/span><\/h6><h6 class=\"font_4 wixui-rich-text__text\"><span class=\"wixui-rich-text__text\">((WhatsApp: 017677945162)<\/span><\/h6><h6 class=\"font_4 wixui-rich-text__text\">\u00a0<\/h6><h6 class=\"font_8 wixui-rich-text__text\"><br class=\"wixui-rich-text__text\" \/><span class=\"wixui-rich-text__text\">\u200bHaftung f\u00fcr Inhalte<\/span><\/h6><h6 class=\"font_2 wixui-rich-text__text\"><span class=\"wixui-rich-text__text\">\u200b<\/span><\/h6><h6 class=\"font_2 wixui-rich-text__text\"><span class=\"wixui-rich-text__text\">Die Inhalte dieser Website werden mit gr\u00f6\u00dftm\u00f6glicher Sorgfalt erstellt. Der Anbieter \u00fcbernimmt jedoch keine Gew\u00e4hr f\u00fcr die Richtigkeit, Vollst\u00e4ndigkeit und Aktualit\u00e4t der bereitgestellten Inhalte. Die Nutzung der Inhalte der Website erfolgt auf eigene Gefahr des Nutzers.<\/span><\/h6><h6 class=\"font_8 wixui-rich-text__text\"><span class=\"wixui-rich-text__text\">Als Diensteanbieter sind wir gem\u00e4\u00df \u00a7 7 Abs.1 TMG f\u00fcr eigene Inhalte auf diesen Seiten nach den allgemeinen Gesetzen verantwortlich. Nach \u00a7\u00a7 8 bis 10 TMG sind wir als Diensteanbieter jedoch nicht verpflichtet, \u00fcbermittelte oder gespeicherte fremde Informationen zu \u00fcberwachen oder nach Umst\u00e4nden zu forschen, die auf eine rechtswidrige T\u00e4tigkeit hinweisen.<\/span><\/h6><h6 class=\"font_8 wixui-rich-text__text\"><span class=\"wixui-rich-text__text\">Verpflichtungen zur Entfernung oder Sperrung der Nutzung von Informationen nach den allgemeinen Gesetzen bleiben hiervon unber\u00fchrt. Eine diesbez\u00fcgliche Haftung ist jedoch erst ab dem Zeitpunkt der Kenntnis einer konkreten Rechtsverletzung m\u00f6glich. Bei Bekanntwerden von entsprechenden Rechtsverletzungen werden wir diese Inhalte umgehend entfernen.<\/span><\/h6><h6 class=\"font_8 wixui-rich-text__text\"><span class=\"wixui-rich-text__text\">\u200b<\/span><\/h6><h6 class=\"font_2 wixui-rich-text__text\"><span class=\"wixui-rich-text__text\">Haftung f\u00fcr Links<\/span><\/h6><h6 class=\"font_2 wixui-rich-text__text\"><span class=\"wixui-rich-text__text\">\u200b<\/span><\/h6><h6 class=\"font_8 wixui-rich-text__text\"><span class=\"wixui-rich-text__text\">Unser Angebot enth\u00e4lt Links zu externen Websites Dritter, auf deren Inhalte wir keinen Einfluss haben. Deshalb k\u00f6nnen wir f\u00fcr diese fremden Inhalte auch keine Gew\u00e4hr \u00fcbernehmen. F\u00fcr die Inhalte der verlinkten Seiten ist stets der jeweilige Anbieter oder Betreiber der Seiten verantwortlich. Die verlinkten Seiten wurden zum Zeitpunkt der Verlinkung auf m\u00f6gliche Rechtsverst\u00f6\u00dfe \u00fcberpr\u00fcft. Rechtswidrige Inhalte waren zum Zeitpunkt der Verlinkung nicht erkennbar.<\/span><\/h6><h6 class=\"font_8 wixui-rich-text__text\"><span class=\"wixui-rich-text__text\">Eine permanente inhaltliche Kontrolle der verlinkten Seiten ist jedoch ohne konkrete Anhaltspunkte einer Rechtsverletzung nicht zumutbar. Bei Bekanntwerden von Rechtsverletzungen werden wir derartige Links umgehend entfernen.<\/span><\/h6><h6 class=\"font_8 wixui-rich-text__text\"><span class=\"wixui-rich-text__text\">\u200b<\/span><\/h6><h6 class=\"font_2 wixui-rich-text__text\"><span class=\"wixui-rich-text__text\">Urheberrecht<\/span><\/h6><h6 class=\"font_2 wixui-rich-text__text\"><span class=\"wixui-rich-text__text\">\u200b<\/span><\/h6><h6 class=\"font_8 wixui-rich-text__text\"><span class=\"wixui-rich-text__text\">Die durch die Seitenbetreiber erstellten Inhalte und Werke auf diesen Seiten unterliegen dem deutschen Urheberrecht. Die Vervielf\u00e4ltigung, Bearbeitung, Verbreitung und jede Art der Verwertung au\u00dferhalb der Grenzen des Urheberrechtes bed\u00fcrfen der schriftlichen Zustimmung des jeweiligen Autors bzw. Erstellers. Downloads und Kopien dieser Seite sind nur f\u00fcr den privaten, nicht kommerziellen Gebrauch gestattet.<\/span><\/h6><h6 class=\"font_8 wixui-rich-text__text\"><span class=\"wixui-rich-text__text\">Soweit die Inhalte auf dieser Seite nicht vom Betreiber erstellt wurden, werden die Urheberrechte Dritter beachtet. Insbesondere werden Inhalte Dritter als solche gekennzeichnet. Sollten Sie trotzdem auf eine Urheberrechtsverletzung aufmerksam werden, bitten wir um einen entsprechenden Hinweis. Bei Bekanntwerden von Rechtsverletzungen werden wir derartige Inhalte umgehend entfernen.<\/span><\/h6><h6 class=\"font_8 wixui-rich-text__text\"><br class=\"wixui-rich-text__text\" \/><span class=\"wixui-rich-text__text\">Quelle: ActiveMind AG<\/span><\/h6><h6 class=\"font_8 wixui-rich-text__text\"><span class=\"wixui-rich-text__text\">\u200b<\/span><\/h6><h6 class=\"font_8 wixui-rich-text__text\"><span class=\"wixui-rich-text__text\">Bildnachweis<\/span><\/h6><h6 class=\"font_8 wixui-rich-text__text\"><span class=\"wixui-rich-text__text\">\u200b<\/span><\/h6><h6 class=\"font_8 wixui-rich-text__text\"><span class=\"wixui-rich-text__text\">Die Bilder, die hier auf dieser Website Verwendung finden stammen von:<\/span><\/h6><ul class=\"font_8 wixui-rich-text__text\"><li class=\"wixui-rich-text__text\"><h6 class=\"font_8 wixui-rich-text__text\"><span class=\"wixui-rich-text__text\">Privatpersonen, die ausdr\u00fccklich der Verwendung der Fotos zugestimmt haben.<\/span><\/h6><\/li><li class=\"wixui-rich-text__text\"><h6 class=\"font_8 wixui-rich-text__text\"><span class=\"wixui-rich-text__text\">Fotografen, die im Auftrag des Vereins Lichtbilder zur Verwendung f\u00fcr diese Internetseite gemacht haben.<\/span><\/h6><\/li><\/ul>\t\t\t\t\t\t\t\t<\/div>\n\t\t\t\t\t<\/div>\n\t\t\t\t<\/div>\n\t\t\t\t<\/div>\n\t\t","protected":false},"excerpt":{"rendered":"<p>Impressum\u200b Angaben gem\u00e4\u00df \u00a75 TMG \u200bZucht Reit &amp; Fahr-Verein Lembeck e.V. (ZRFV Lembeck) Zur Reithalle 8346286 Dorsten-Lembeck Tel.: 02369 7 [&hellip;]<\/p>\n","protected":false},"author":1,"featured_media":0,"parent":0,"menu_order":100,"comment_status":"closed","ping_status":"closed","template":"","meta":{"site-sidebar-layout":"no-sidebar","site-content-layout":"","ast-site-content-layout":"full-width-container","site-content-style":"default","site-sidebar-style":"default","ast-global-header-display":"","ast-banner-title-visibility":"","ast-main-header-display":"","ast-hfb-above-header-display":"","ast-hfb-below-header-display":"","ast-hfb-mobile-header-display":"","site-post-title":"disabled","ast-breadcrumbs-content":"","ast-featured-img":"disabled","footer-sml-layout":"","ast-disable-related-posts":"","theme-transparent-header-meta":"","adv-header-id-meta":"","stick-header-meta":"","header-above-stick-meta":"","header-main-stick-meta":"","header-below-stick-meta":"","astra-migrate-meta-layouts":"default","ast-page-background-enabled":"default","ast-page-background-meta":{"desktop":{"background-color":"var(--ast-global-color-5)","background-image":"","background-repeat":"repeat","background-position":"center center","background-size":"auto","background-attachment":"scroll","background-type":"","background-media":"","overlay-type":"","overlay-color":"","overlay-opacity":"","overlay-gradient":""},"tablet":{"background-color":"","background-image":"","background-repeat":"repeat","background-position":"center center","background-size":"auto","background-attachment":"scroll","background-type":"","background-media":"","overlay-type":"","overlay-color":"","overlay-opacity":"","overlay-gradient":""},"mobile":{"background-color":"","background-image":"","background-repeat":"repeat","background-position":"center center","background-size":"auto","background-attachment":"scroll","background-type":"","background-media":"","overlay-type":"","overlay-color":"","overlay-opacity":"","overlay-gradient":""}},"ast-content-background-meta":{"desktop":{"background-color":"var(--ast-global-color-4)","background-image":"","background-repeat":"repeat","background-position":"center center","background-size":"auto","background-attachment":"scroll","background-type":"","background-media":"","overlay-type":"","overlay-color":"","overlay-opacity":"","overlay-gradient":""},"tablet":{"background-color":"var(--ast-global-color-4)","background-image":"","background-repeat":"repeat","background-position":"center center","background-size":"auto","background-attachment":"scroll","background-type":"","background-media":"","overlay-type":"","overlay-color":"","overlay-opacity":"","overlay-gradient":""},"mobile":{"background-color":"var(--ast-global-color-4)","background-image":"","background-repeat":"repeat","background-position":"center center","background-size":"auto","background-attachment":"scroll","background-type":"","background-media":"","overlay-type":"","overlay-color":"","overlay-opacity":"","overlay-gradient":""}},"footnotes":""},"class_list":["post-27","page","type-page","status-publish","hentry"],"_links":{"self":[{"href":"https:\/\/zrfv-lembeck.de\/index.php?rest_route=\/wp\/v2\/pages\/27","targetHints":{"allow":["GET"]}}],"collection":[{"href":"https:\/\/zrfv-lembeck.de\/index.php?rest_route=\/wp\/v2\/pages"}],"about":[{"href":"https:\/\/zrfv-lembeck.de\/index.php?rest_route=\/wp\/v2\/types\/page"}],"author":[{"embeddable":true,"href":"https:\/\/zrfv-lembeck.de\/index.php?rest_route=\/wp\/v2\/users\/1"}],"replies":[{"embeddable":true,"href":"https:\/\/zrfv-lembeck.de\/index.php?rest_route=%2Fwp%2Fv2%2Fcomments&post=27"}],"version-history":[{"count":8,"href":"https:\/\/zrfv-lembeck.de\/index.php?rest_route=\/wp\/v2\/pages\/27\/revisions"}],"predecessor-version":[{"id":233,"href":"https:\/\/zrfv-lembeck.de\/index.php?rest_route=\/wp\/v2\/pages\/27\/revisions\/233"}],"wp:attachment":[{"href":"https:\/\/zrfv-lembeck.de\/index.php?rest_route=%2Fwp%2Fv2%2Fmedia&parent=27"}],"curies":[{"name":"wp","href":"https:\/\/api.w.org\/{rel}","templated":true}]}}